{"id":72,"date":"2021-06-01T13:22:56","date_gmt":"2021-06-01T11:22:56","guid":{"rendered":"http:\/\/www.blue-corail.com\/wedding\/?page_id=72"},"modified":"2022-10-03T17:25:47","modified_gmt":"2022-10-03T15:25:47","slug":"wedding-day","status":"publish","type":"page","link":"https:\/\/www.jordaneandbrock.com\/fr\/wedding-day\/","title":{"rendered":"Le Jour Du Mariage"},"content":{"rendered":"<div data-elementor-type=\"wp-page\" data-elementor-id=\"72\" class=\"elementor elementor-72\">\n\t\t\t\t\t\t\t\t\t<section class=\"elementor-section elementor-top-section elementor-element elementor-element-6b70a070 elementor-section-boxed elementor-section-height-default elementor-section-height-default\" data-id=\"6b70a070\" data-element_type=\"section\" data-settings=\"{&quot;shape_divider_top&quot;:&quot;opacity-tilt&quot;}\">\n\t\t\t\t\t<div class=\"elementor-shape elementor-shape-top\" data-negative=\"false\">\n\t\t\t<svg xmlns=\"http:\/\/www.w3.org\/2000\/svg\" viewbox=\"0 0 2600 131.1\" preserveaspectratio=\"none\">\n\t<path class=\"elementor-shape-fill\" d=\"M0 0L2600 0 2600 69.1 0 0z\"\/>\n\t<path class=\"elementor-shape-fill\" style=\"opacity:0.5\" d=\"M0 0L2600 0 2600 69.1 0 69.1z\"\/>\n\t<path class=\"elementor-shape-fill\" style=\"opacity:0.25\" d=\"M2600 0L0 0 0 130.1 2600 69.1z\"\/>\n<\/svg>\t\t<\/div>\n\t\t\t\t\t<div class=\"elementor-container elementor-column-gap-default\">\n\t\t\t\t\t<div class=\"elementor-column elementor-col-100 elementor-top-column elementor-element elementor-element-7bc31d28\" data-id=\"7bc31d28\" data-element_type=\"column\">\n\t\t\t<div class=\"elementor-widget-wrap elementor-element-populated\">\n\t\t\t\t\t\t\t\t<div class=\"elementor-element elementor-element-6a58dff5 elementor-widget elementor-widget-spacer\" data-id=\"6a58dff5\" data-element_type=\"widget\" data-widget_type=\"spacer.default\">\n\t\t\t\t<div class=\"elementor-widget-container\">\n\t\t\t\t\t<div class=\"elementor-spacer\">\n\t\t\t<div class=\"elementor-spacer-inner\"><\/div>\n\t\t<\/div>\n\t\t\t\t<\/div>\n\t\t\t\t<\/div>\n\t\t\t\t<div class=\"elementor-element elementor-element-56fa9ece animated-slow elementor-invisible elementor-widget elementor-widget-heading\" data-id=\"56fa9ece\" data-element_type=\"widget\" data-settings=\"{&quot;_animation&quot;:&quot;zoomIn&quot;}\" data-widget_type=\"heading.default\">\n\t\t\t\t<div class=\"elementor-widget-container\">\n\t\t\t<h2 class=\"elementor-heading-title elementor-size-default\">Le Jour Du Mariage<\/h2>\t\t<\/div>\n\t\t\t\t<\/div>\n\t\t\t\t<div class=\"elementor-element elementor-element-58dcd4cb elementor-widget elementor-widget-spacer\" data-id=\"58dcd4cb\" data-element_type=\"widget\" data-widget_type=\"spacer.default\">\n\t\t\t\t<div class=\"elementor-widget-container\">\n\t\t\t\t\t<div class=\"elementor-spacer\">\n\t\t\t<div class=\"elementor-spacer-inner\"><\/div>\n\t\t<\/div>\n\t\t\t\t<\/div>\n\t\t\t\t<\/div>\n\t\t\t\t\t<\/div>\n\t\t<\/div>\n\t\t\t\t\t\t\t<\/div>\n\t\t<\/section>\n\t\t\t\t<section class=\"elementor-section elementor-top-section elementor-element elementor-element-803d062 elementor-section-boxed elementor-section-height-default elementor-section-height-default\" data-id=\"803d062\" data-element_type=\"section\">\n\t\t\t\t\t\t<div class=\"elementor-container elementor-column-gap-default\">\n\t\t\t\t\t<div class=\"elementor-column elementor-col-100 elementor-top-column elementor-element elementor-element-abff79e\" data-id=\"abff79e\" data-element_type=\"column\">\n\t\t\t<div class=\"elementor-widget-wrap elementor-element-populated\">\n\t\t\t\t\t\t\t\t<div class=\"elementor-element elementor-element-3ec91b6e elementor-widget elementor-widget-heading\" data-id=\"3ec91b6e\" data-element_type=\"widget\" data-widget_type=\"heading.default\">\n\t\t\t\t<div class=\"elementor-widget-container\">\n\t\t\t<h6 class=\"elementor-heading-title elementor-size-default\">Nous avons h\u00e2te de c\u00e9l\u00e9brer notre mariage avec vous en Guadeloupe !<\/h6>\t\t<\/div>\n\t\t\t\t<\/div>\n\t\t\t\t<div class=\"elementor-element elementor-element-60cdb9da elementor-countdown--label-block elementor-widget elementor-widget-countdown\" data-id=\"60cdb9da\" data-element_type=\"widget\" data-widget_type=\"countdown.default\">\n\t\t\t\t<div class=\"elementor-widget-container\">\n\t\t\t\t\t<div data-expire-actions=\"[{&quot;type&quot;:&quot;hide&quot;}]\" class=\"elementor-countdown-wrapper\" data-date=\"1658520000\">\n\t\t\t<div class=\"elementor-countdown-item\"><span class=\"elementor-countdown-digits elementor-countdown-days\"><\/span> <span class=\"elementor-countdown-label\">Jours<\/span><\/div><div class=\"elementor-countdown-item\"><span class=\"elementor-countdown-digits elementor-countdown-hours\"><\/span> <span class=\"elementor-countdown-label\">Heures<\/span><\/div><div class=\"elementor-countdown-item\"><span class=\"elementor-countdown-digits elementor-countdown-minutes\"><\/span> <span class=\"elementor-countdown-label\">Minutes<\/span><\/div><div class=\"elementor-countdown-item\"><span class=\"elementor-countdown-digits elementor-countdown-seconds\"><\/span> <span class=\"elementor-countdown-label\">Secondes<\/span><\/div>\t\t<\/div>\n\t\t\t\t<\/div>\n\t\t\t\t<\/div>\n\t\t\t\t<div class=\"elementor-element elementor-element-8c412c8 elementor-widget elementor-widget-image\" data-id=\"8c412c8\" data-element_type=\"widget\" data-widget_type=\"image.default\">\n\t\t\t\t<div class=\"elementor-widget-container\">\n\t\t\t\t\t\t\t\t\t\t\t\t\t\t\t<img width=\"185\" height=\"37\" src=\"https:\/\/www.jordaneandbrock.com\/wp-content\/uploads\/2021\/06\/caligraphic_divider01.png\" class=\"attachment-medium size-medium\" alt=\"\" loading=\"lazy\" \/>\t\t\t\t\t\t\t\t\t\t\t\t\t\t\t<\/div>\n\t\t\t\t<\/div>\n\t\t\t\t<div class=\"elementor-element elementor-element-bee87e0 elementor-widget elementor-widget-image\" data-id=\"bee87e0\" data-element_type=\"widget\" data-widget_type=\"image.default\">\n\t\t\t\t<div class=\"elementor-widget-container\">\n\t\t\t\t\t\t\t\t\t\t\t\t\t\t\t<img width=\"670\" height=\"385\" src=\"https:\/\/www.jordaneandbrock.com\/wp-content\/uploads\/2021\/08\/welcome-drinks.jpg\" class=\"attachment-large size-large\" alt=\"\" loading=\"lazy\" srcset=\"https:\/\/www.jordaneandbrock.com\/wp-content\/uploads\/2021\/08\/welcome-drinks.jpg 670w, https:\/\/www.jordaneandbrock.com\/wp-content\/uploads\/2021\/08\/welcome-drinks-300x172.jpg 300w, https:\/\/www.jordaneandbrock.com\/wp-content\/uploads\/2021\/08\/welcome-drinks-150x86.jpg 150w\" sizes=\"(max-width: 670px) 100vw, 670px\" \/>\t\t\t\t\t\t\t\t\t\t\t\t\t\t\t<\/div>\n\t\t\t\t<\/div>\n\t\t\t\t\t<\/div>\n\t\t<\/div>\n\t\t\t\t\t\t\t<\/div>\n\t\t<\/section>\n\t\t\t\t<section class=\"elementor-section elementor-top-section elementor-element elementor-element-75207294 elementor-section-boxed elementor-section-height-default elementor-section-height-default\" data-id=\"75207294\" data-element_type=\"section\" data-settings=\"{&quot;background_background&quot;:&quot;classic&quot;}\">\n\t\t\t\t\t\t<div class=\"elementor-container elementor-column-gap-default\">\n\t\t\t\t\t<div class=\"elementor-column elementor-col-100 elementor-top-column elementor-element elementor-element-59f23c6c\" data-id=\"59f23c6c\" data-element_type=\"column\">\n\t\t\t<div class=\"elementor-widget-wrap elementor-element-populated\">\n\t\t\t\t\t\t\t\t<section class=\"elementor-section elementor-inner-section elementor-element elementor-element-6a1a2ea9 elementor-section-boxed elementor-section-height-default elementor-section-height-default elementor-invisible\" data-id=\"6a1a2ea9\" data-element_type=\"section\" data-settings=\"{&quot;animation&quot;:&quot;fadeIn&quot;}\">\n\t\t\t\t\t\t<div class=\"elementor-container elementor-column-gap-wide\">\n\t\t\t\t\t<div class=\"elementor-column elementor-col-100 elementor-inner-column elementor-element elementor-element-da77d74 animated-slow elementor-invisible\" data-id=\"da77d74\" data-element_type=\"column\" data-settings=\"{&quot;animation&quot;:&quot;slideInUp&quot;,&quot;animation_delay&quot;:500}\">\n\t\t\t<div class=\"elementor-widget-wrap elementor-element-populated\">\n\t\t\t\t\t\t\t\t<div class=\"elementor-element elementor-element-733d123 elementor-widget elementor-widget-spacer\" data-id=\"733d123\" data-element_type=\"widget\" data-widget_type=\"spacer.default\">\n\t\t\t\t<div class=\"elementor-widget-container\">\n\t\t\t\t\t<div class=\"elementor-spacer\">\n\t\t\t<div class=\"elementor-spacer-inner\"><\/div>\n\t\t<\/div>\n\t\t\t\t<\/div>\n\t\t\t\t<\/div>\n\t\t\t\t<div class=\"elementor-element elementor-element-35bbdc4c elementor-widget elementor-widget-naevents_basic_history\" data-id=\"35bbdc4c\" data-element_type=\"widget\" data-widget_type=\"naevents_basic_history.default\">\n\t\t\t\t<div class=\"elementor-widget-container\">\n\t\t\t<div class=\"naeep-history-wrap\"><div class=\"naeep-history-item\"><div class=\"history-info\"><span><\/span><h5><i class=\"fas fa-clock\" aria-hidden=\"true\"><\/i> 22 Juillet 2022 - 16:00<\/h5><h3 class=\"history-title\">C\u00e9r\u00e9monie<\/h3><p>La c\u00e9r\u00e9monie se d\u00e9roulera dans le jardin tropical de La Cr\u00e9ole Beach H\u00f4tel, face \u00e0 la mer des Cara\u00efbes.<\/p><\/div><div class=\"history-image\"><div class=\"naeep-image hover-image\"><img src=\"https:\/\/www.jordaneandbrock.com\/wp-content\/uploads\/2021\/08\/ceremony-scaled.jpg\" alt=\"Ceremony\"><\/div><\/div><\/div><div class=\"naeep-history-item\"><div class=\"history-info\"><span><\/span><h5><i class=\"fas fa-clock\" aria-hidden=\"true\"><\/i> 22 Juillet 2022 - 18:00<\/h5><h3 class=\"history-title\">Vin d'Honneur<\/h3><p>Le vin d'honneur suivant la c\u00e9r\u00e9monie se d\u00e9roulera sur le Deck des Palmes, une terrasse a\u00e9r\u00e9e avec une vue panoramique surplombant la plage et la mer des Cara\u00efbes. Amuse-bouches et cocktails seront servis pour c\u00e9l\u00e9brer le moment !<\/p><\/div><div class=\"history-image\"><div class=\"naeep-image hover-image\"><img src=\"https:\/\/www.jordaneandbrock.com\/wp-content\/uploads\/2021\/08\/deck-les-palmes.jpg\" alt=\"Cocktail Hour\"><\/div><\/div><\/div><div class=\"naeep-history-item\"><div class=\"history-info\"><span><\/span><h5><i class=\"fas fa-clock\" aria-hidden=\"true\"><\/i> 22 Juillet 2022 - 19:00<\/h5><h3 class=\"history-title\">D\u00eener<\/h3><p>Le d\u00eener de r\u00e9ception sera servi sous la terrasse couverte du restaurant La Route Des \u00c9pices, avec un choix de plats principaux de dorade, d'agneau ou v\u00e9g\u00e9talien.<\/p><div class=\"naeep-link-wrap\"><a href=\"#\"   class=\"naeep-link\"><\/a><\/div><\/div><div class=\"history-image\"><div class=\"naeep-image hover-image\"><img src=\"https:\/\/www.jordaneandbrock.com\/wp-content\/uploads\/2021\/08\/la-route-des-epices-terrasse.jpg\" alt=\"Dinner\"><\/div><\/div><\/div><div class=\"naeep-history-item\"><div class=\"history-info\"><span><\/span><h5><i class=\"fas fa-clock\" aria-hidden=\"true\"><\/i> 22 Juillet 2022 - 23:00 - 03:00<\/h5><h3 class=\"history-title\">Soir\u00e9e<\/h3><p>Apr\u00e8s le d\u00eener de r\u00e9ception, la premi\u00e8re danse et la d\u00e9coupe du g\u00e2teau de mariage, la f\u00eate commencera pour que nous puissions danser jusqu'au petit matin !\n\nL'open-bar proposera une s\u00e9lection de Ti-Punch, Planteur, Whisky, Martini, Rhum Vieux, Sodas, Cocktails de jus de fruits et eaux.<\/p><\/div><div class=\"history-image\"><div class=\"naeep-image\"><img src=\"https:\/\/www.jordaneandbrock.com\/wp-content\/uploads\/2021\/12\/hotel-la-creole-beach-spa-02.jpg\" alt=\"Party\"><\/div><\/div><\/div><\/div>\t\t<\/div>\n\t\t\t\t<\/div>\n\t\t\t\t<div class=\"elementor-element elementor-element-b226fac elementor-widget elementor-widget-spacer\" data-id=\"b226fac\" data-element_type=\"widget\" data-widget_type=\"spacer.default\">\n\t\t\t\t<div class=\"elementor-widget-container\">\n\t\t\t\t\t<div class=\"elementor-spacer\">\n\t\t\t<div class=\"elementor-spacer-inner\"><\/div>\n\t\t<\/div>\n\t\t\t\t<\/div>\n\t\t\t\t<\/div>\n\t\t\t\t\t<\/div>\n\t\t<\/div>\n\t\t\t\t\t\t\t<\/div>\n\t\t<\/section>\n\t\t\t\t\t<\/div>\n\t\t<\/div>\n\t\t\t\t\t\t\t<\/div>\n\t\t<\/section>\n\t\t\t\t\t\t\t<\/div>","protected":false},"excerpt":{"rendered":"<p>Wedding Day We&#8217;re looking forward to celebrating with you in Guadeloupe! Days Hours Minutes Seconds July 22, 2022 &#8211; 16:00 Ceremony The ceremony will take place in the tropical garden of La Cr\u00e9ole Beach H\u00f4tel, overlooking the Caribbean Sea. July 22, 2022 &#8211; 18:00 Cocktail Hour The cocktail hour, following the ceremony, will take place&#8230;<\/p>","protected":false},"author":1,"featured_media":0,"parent":0,"menu_order":0,"comment_status":"closed","ping_status":"closed","template":"","meta":[],"_links":{"self":[{"href":"https:\/\/www.jordaneandbrock.com\/fr\/wp-json\/wp\/v2\/pages\/72"}],"collection":[{"href":"https:\/\/www.jordaneandbrock.com\/fr\/wp-json\/wp\/v2\/pages"}],"about":[{"href":"https:\/\/www.jordaneandbrock.com\/fr\/wp-json\/wp\/v2\/types\/page"}],"author":[{"embeddable":true,"href":"https:\/\/www.jordaneandbrock.com\/fr\/wp-json\/wp\/v2\/users\/1"}],"replies":[{"embeddable":true,"href":"https:\/\/www.jordaneandbrock.com\/fr\/wp-json\/wp\/v2\/comments?post=72"}],"version-history":[{"count":75,"href":"https:\/\/www.jordaneandbrock.com\/fr\/wp-json\/wp\/v2\/pages\/72\/revisions"}],"predecessor-version":[{"id":2440,"href":"https:\/\/www.jordaneandbrock.com\/fr\/wp-json\/wp\/v2\/pages\/72\/revisions\/2440"}],"wp:attachment":[{"href":"https:\/\/www.jordaneandbrock.com\/fr\/wp-json\/wp\/v2\/media?parent=72"}],"curies":[{"name":"wp","href":"https:\/\/api.w.org\/{rel}","templated":true}]}}